{"id":125,"date":"2023-10-26T15:40:38","date_gmt":"2023-10-26T13:40:38","guid":{"rendered":"https:\/\/nszm.art\/?page_id=125"},"modified":"2026-01-28T07:49:58","modified_gmt":"2026-01-28T06:49:58","slug":"demoreel","status":"publish","type":"page","link":"https:\/\/nszm.art\/en\/arculattervezes-videografika-reklam-film-video-mediadesign-art-mediaart-televizios-musor\/demoreel\/","title":{"rendered":"DemoReels"},"content":{"rendered":"<p>[et_pb_section fb_built=&#8221;1&#8243; _builder_version=&#8221;4.27.4&#8243; _module_preset=&#8221;default&#8221; use_background_color_gradient=&#8221;on&#8221; background_color_gradient_type=&#8221;elliptical&#8221; background_color_gradient_stops=&#8221;#2d2f3d 3%|#000000 75%&#8221; custom_margin=&#8221;||||false|false&#8221; custom_padding=&#8221;34px||0px||false|false&#8221; background_last_edited=&#8221;on|phone&#8221; use_background_color_gradient_phone=&#8221;off&#8221; global_colors_info=&#8221;{}&#8221;][et_pb_row column_structure=&#8221;2_5,3_5&#8243; _builder_version=&#8221;4.27.3&#8243; _module_preset=&#8221;default&#8221; min_height=&#8221;477.5px&#8221; global_colors_info=&#8221;{}&#8221;][et_pb_column type=&#8221;2_5&#8243; _builder_version=&#8221;4.27.3&#8243; _module_preset=&#8221;default&#8221; global_colors_info=&#8221;{}&#8221;][et_pb_heading title=&#8221;Mit tudok?&#8221; _builder_version=&#8221;4.27.3&#8243; _module_preset=&#8221;default&#8221; global_colors_info=&#8221;{}&#8221;][\/et_pb_heading][et_pb_text _builder_version=&#8221;4.27.4&#8243; _module_preset=&#8221;default&#8221; global_colors_info=&#8221;{}&#8221;]<\/p>\n<p>Kreat\u00edv 2D anim\u00e1ci\u00f3 \u00e9s vide\u00f3 projektek? <a href=\"https:\/\/www.adobe.com\/hu\/products\/aftereffects\/campaign\/pricing.html?gclid=CjwKCAiAmfq6BhAsEiwAX1jsZ7M1I3kSdgD_8wVAqWRS2tNjlQOJJaf7qPW6AlGowB_7uu_K56UgORoCGdYQAvD_BwE&amp;skwcid=AL!3085!3!601038638610!e!!g!!adobe%20after%20effects&amp;mv=search&amp;mv2=paidsearch&amp;sdid=G85SYKHF&amp;ef_id=CjwKCAiAmfq6BhAsEiwAX1jsZ7M1I3kSdgD_8wVAqWRS2tNjlQOJJaf7qPW6AlGowB_7uu_K56UgORoCGdYQAvD_BwE:G:s&amp;s_kwcid=AL!3085!3!601038638610!e!!g!!adobe%20after%20effects!1474926873!57187475415&amp;gad_source=1\" target=\"_blank\" rel=\"noopener\">After Effects<\/a> szak\u00e9rt\u0151 vagyok! N\u00e9zd meg a demoreelemet \u00e9s l\u00e9pj\u00fcnk <a href=\"mailto: nagy.szilard.mihaly@proton.me\"><span style=\"color: #0075a0;\">kapcsolatba<\/span><\/a>!<\/p>\n<p>2D anim\u00e1ci\u00f3, Telev\u00edzi\u00f3 anim\u00e1ci\u00f3, rekl\u00e1mok, LED h\u00e1tt\u00e9r, weboldalak, social media design. L\u00e1sd a munk\u00e1imat! Ezek tiszt\u00e1n After Effectben k\u00e9sz\u00fcltek.<\/p>\n<p>Telev\u00edzi\u00f3s anim\u00e1ci\u00f3, LED falak, social media design, weboldalak (<a href=\"https:\/\/nszm.art\/wp-content\/uploads\/2023\/10\/wordpress.com\" target=\"_blank\" rel=\"noopener\">WordPress<\/a>), vide\u00f3v\u00e1g\u00e1s (AVID, Adobe Premiere Pro) Social Media vide\u00f3k l\u00e9trehoz\u00e1sa.<\/p>\n<p>Leg\u00fat\u00f3bbi munk\u00e1m <a title=\"EGIS IMAGE FILM\" href=\"https:\/\/nszmart.blogspot.com\/2024\/12\/egis-sherina-image-film.html\" target=\"_blank\" rel=\"noopener\">itt<\/a> tal\u00e1lod.<\/p>\n<p>A k\u00f6zm\u00e9dia log\u00f3it a val\u00f3s t\u00e9rben meg <a title=\"MTVA logok\" href=\"https:\/\/nszm.art\/arculattervezes-videografika-reklam-film-video-mediadesign-art-mediaart-televizios-musor\/demoreel\/mtva-kozmedia-logok\/\">itt<\/a> tal\u00e1lod.<\/p>\n<p>[\/et_pb_text][\/et_pb_column][et_pb_column type=&#8221;3_5&#8243; _builder_version=&#8221;4.27.3&#8243; _module_preset=&#8221;default&#8221; global_colors_info=&#8221;{}&#8221;][et_pb_video src=&#8221;https:\/\/youtu.be\/d2Zn7egRGbE&#8221; play_icon_color=&#8221;RGBA(255,255,255,0)&#8221; font_icon=&#8221;&#x41;||divi||400&#8243; use_icon_font_size=&#8221;on&#8221; module_class=&#8221;my-youtube-video&#8221; _builder_version=&#8221;4.27.4&#8243; _module_preset=&#8221;default&#8221; custom_css_free_form=&#8221;.my-youtube-video .ytp-play-button {||    background-color: blue;||}&#8221; border_radii=&#8221;on|8px|8px|8px|8px&#8221; locked=&#8221;off&#8221; global_colors_info=&#8221;{}&#8221;][\/et_pb_video][\/et_pb_column][\/et_pb_row][et_pb_row column_structure=&#8221;2_5,3_5&#8243; _builder_version=&#8221;4.27.3&#8243; _module_preset=&#8221;default&#8221; min_height=&#8221;433.5px&#8221; global_colors_info=&#8221;{}&#8221; collapsed=&#8221;on&#8221;][et_pb_column type=&#8221;2_5&#8243; _builder_version=&#8221;4.27.3&#8243; _module_preset=&#8221;default&#8221; global_colors_info=&#8221;{}&#8221;][et_pb_heading title=&#8221;Social Media, Podcast arculatok&#8221; _builder_version=&#8221;4.27.5&#8243; _module_preset=&#8221;default&#8221; hover_enabled=&#8221;0&#8243; global_colors_info=&#8221;{}&#8221; sticky_enabled=&#8221;0&#8243;][\/et_pb_heading][et_pb_text _builder_version=&#8221;4.27.5&#8243; _module_preset=&#8221;default&#8221; global_colors_info=&#8221;{}&#8221;]<\/p>\n<p>Grafikai arculatot k\u00e9sz\u00edtek podcast \u00e9s YouTube, Tik-Tok \u00e9s Facebook csatorn\u00e1khoz, bele\u00e9rtve dinamikus intr\u00f3kat \u00e9s outr\u00f3kat After Effects-ben, egyedi feliratokat a vide\u00f3khoz, valamint social media posztokat a feliratkoz\u00e1s \u00f6szt\u00f6nz\u00e9s\u00e9re.\u2028Professzion\u00e1lis motion graphics megold\u00e1sokkal egys\u00e9ges brandet alak\u00edtok ki, hogy n\u00f6veld k\u00f6z\u00f6ns\u00e9gedet \u00e9s elk\u00f6telezetts\u00e9gedet<\/p>\n<p>[\/et_pb_text][\/et_pb_column][et_pb_column type=&#8221;3_5&#8243; _builder_version=&#8221;4.27.3&#8243; _module_preset=&#8221;default&#8221; global_colors_info=&#8221;{}&#8221;][et_pb_video src=&#8221;https:\/\/youtu.be\/-0_VGPEYAno?si=7A9ga1QEXCzyn7Se&#8221; play_icon_color=&#8221;RGBA(255,255,255,0)&#8221; font_icon=&#8221;&#x41;||divi||400&#8243; use_icon_font_size=&#8221;on&#8221; module_class=&#8221;my-youtube-video&#8221; _builder_version=&#8221;4.27.5&#8243; _module_preset=&#8221;default&#8221; custom_css_free_form=&#8221;.my-youtube-video .ytp-play-button {||    background-color: blue;||}&#8221; border_radii=&#8221;on|8px|8px|8px|8px&#8221; global_colors_info=&#8221;{}&#8221;][\/et_pb_video][\/et_pb_column][\/et_pb_row][et_pb_row column_structure=&#8221;2_5,3_5&#8243; _builder_version=&#8221;4.27.3&#8243; _module_preset=&#8221;default&#8221; min_height=&#8221;477.5px&#8221; global_colors_info=&#8221;{}&#8221; collapsed=&#8221;on&#8221;][et_pb_column type=&#8221;2_5&#8243; _builder_version=&#8221;4.27.3&#8243; _module_preset=&#8221;default&#8221; global_colors_info=&#8221;{}&#8221;][et_pb_heading title=&#8221;Egy\u00e9b grafik\u00e1k \u00e9s illusztr\u00e1ci\u00f3k&#8221; url=&#8221;https:\/\/youtu.be\/PK18mQoUEFs?si=ZWRJ-9-Z253_Nsfe&#8221; url_new_window=&#8221;on&#8221; _builder_version=&#8221;4.27.5&#8243; _module_preset=&#8221;default&#8221; global_colors_info=&#8221;{}&#8221;][\/et_pb_heading][et_pb_text _builder_version=&#8221;4.27.5&#8243; _module_preset=&#8221;default&#8221; global_colors_info=&#8221;{}&#8221;]<\/p>\n<p>Egy\u00e9b mozg\u00f3 grafik\u00e1k, illlusztr\u00e1ci\u00f3s\u00a0 munk\u00e1k.<\/p>\n<p>[\/et_pb_text][\/et_pb_column][et_pb_column type=&#8221;3_5&#8243; _builder_version=&#8221;4.27.3&#8243; _module_preset=&#8221;default&#8221; global_colors_info=&#8221;{}&#8221;][et_pb_video src=&#8221;https:\/\/youtu.be\/PK18mQoUEFs?si=ZWRJ-9-Z253_Nsfe&#8221; play_icon_color=&#8221;RGBA(255,255,255,0)&#8221; font_icon=&#8221;&#x41;||divi||400&#8243; use_icon_font_size=&#8221;on&#8221; module_class=&#8221;my-youtube-video&#8221; _builder_version=&#8221;4.27.5&#8243; _module_preset=&#8221;default&#8221; custom_css_free_form=&#8221;.my-youtube-video .ytp-play-button {||    background-color: blue;||}&#8221; border_radii=&#8221;on|8px|8px|8px|8px&#8221; locked=&#8221;off&#8221; global_colors_info=&#8221;{}&#8221;][\/et_pb_video][\/et_pb_column][\/et_pb_row][et_pb_row column_structure=&#8221;2_5,3_5&#8243; disabled_on=&#8221;off|off|off&#8221; _builder_version=&#8221;4.27.4&#8243; _module_preset=&#8221;default&#8221; custom_padding=&#8221;45px||||false|false&#8221; locked=&#8221;off&#8221; collapsed=&#8221;off&#8221; global_colors_info=&#8221;{}&#8221;][et_pb_column type=&#8221;2_5&#8243; _builder_version=&#8221;4.27.3&#8243; _module_preset=&#8221;default&#8221; global_colors_info=&#8221;{}&#8221;][et_pb_heading title=&#8221;Vizu\u00e1lis alkot\u00f3 vagyok.&#8221; _builder_version=&#8221;4.27.5&#8243; _module_preset=&#8221;default&#8221; global_colors_info=&#8221;{}&#8221;][\/et_pb_heading][et_pb_text _builder_version=&#8221;4.27.4&#8243; _module_preset=&#8221;default&#8221; global_colors_info=&#8221;{}&#8221;]<\/p>\n<p>Ki vagyok \u00e9n? Egy vizu\u00e1lis mes\u00e9l\u0151 aki &#8222;mindenes&#8221; k\u00e9palkot\u00e1shoz \u00e9rt. A fotogr\u00e1fi\u00e1n, a rendez\u00e9sen, mediadesgn-on, &#8222;supervisor&#8221;-kod\u00e1son, vide\u00f3-szerkeszt\u00e9sen, a befejez\u0151 f\u00e9nyel\u00e9sen (coloring) kereszt\u00fcl a k\u00e9pi anim\u00e1ci\u00f3ig bez\u00e1r\u00f3lag. Tudok m\u00e9g rajzolni, rajzot anim\u00e1lni, festeni \u00e9s promtolni <a href=\"https:\/\/www.veed.io\/learn\/best-ai-tools?utm_id=20933080485&amp;utm_term=&amp;utm_campaign=g_T2_T3-EN-DSA_Search-All&amp;utm_source=google&amp;utm_medium=cpc&amp;utm_content=167012511507_704094105340&amp;gad_source=1&amp;gclid=CjwKCAiAmfq6BhAsEiwAX1jsZ7rFgNyJ9ZtdSl5VCo7gkCSWBvqq_jLf0mJA_4ik2FFOlG5ck0a0UhoCGakQAvD_BwE\" target=\"_blank\" rel=\"noopener\">AI technik\u00e1kkal<\/a>. Kedvencem a k\u00e9sz, v\u00e1gott vide\u00f3k <a href=\"https:\/\/nszm.art\/wp-content\/uploads\/2023\/10\/egis-sherina-image-film.html\" target=\"_blank\" rel=\"noopener\">gr&#8217;\u00e1\u00e1\u00e1&#8217;fik\u00e1val<\/a> val\u00f3 felturb\u00f3z\u00e1sa. Seg\u00edtek a v\u00e1llalkoz\u00e1soknak \u00e9s egy\u00e9neknek, hogy sz\u00e9p vizu\u00e1lis tartalmakkal h\u00f3d\u00edts\u00e1k meg a c\u00e9lk\u00f6z\u00f6ns\u00e9get. A fot\u00f3z\u00e1s a szenved\u00e9lyem, a rajzol\u00e1s, a fest\u00e9s a relax\u00e1ci\u00f3m, az anim\u00e1ci\u00f3 pedig a j\u00e1t\u00e9k.<\/p>\n<p>[\/et_pb_text][\/et_pb_column][et_pb_column type=&#8221;3_5&#8243; _builder_version=&#8221;4.27.3&#8243; _module_preset=&#8221;default&#8221; global_colors_info=&#8221;{}&#8221;][et_pb_video src=&#8221;https:\/\/youtu.be\/e3s1bU_utmI&#8221; play_icon_color=&#8221;#013145&#8243; _builder_version=&#8221;4.27.4&#8243; _module_preset=&#8221;default&#8221; border_radii=&#8221;on|8px|8px|8px|8px&#8221; global_colors_info=&#8221;{}&#8221;][\/et_pb_video][\/et_pb_column][\/et_pb_row][et_pb_row column_structure=&#8221;2_5,3_5&#8243; disabled_on=&#8221;off|off|off&#8221; _builder_version=&#8221;4.27.4&#8243; _module_preset=&#8221;default&#8221; custom_padding=&#8221;45px||||false|false&#8221; global_colors_info=&#8221;{}&#8221;][et_pb_column type=&#8221;2_5&#8243; _builder_version=&#8221;4.27.3&#8243; _module_preset=&#8221;default&#8221; global_colors_info=&#8221;{}&#8221;][et_pb_heading title=&#8221;Az igazi Log\u00f3k..&#8221; _builder_version=&#8221;4.27.3&#8243; _module_preset=&#8221;default&#8221; global_colors_info=&#8221;{}&#8221;][\/et_pb_heading][et_pb_text _builder_version=&#8221;4.27.4&#8243; _module_preset=&#8221;default&#8221; text_line_height=&#8221;1.9em&#8221; custom_padding=&#8221;||0px|||&#8221; global_colors_info=&#8221;{}&#8221;]<\/p>\n<p>Koll\u00e9g\u00e1immal az volt terv, amit megval\u00f3s\u00edtottunk, hogy a log\u00f3 mint val\u00f3s elem, az orsz\u00e1g minden pontj\u00e1ra eljusson, \u00e9s \u00edgy formailag hiteles, konzekvens k\u00e9pet mutasson Magyarorsz\u00e1gr\u00f3l. (K\u00e9sz\u00e9sz\u00edtette: <a href=\"https:\/\/www.linkedin.com\/in\/attila-vizi-43319357\/\">Vizi Atilla<\/a>)<\/p>\n<p>&nbsp;<\/p>\n<p>&nbsp;<\/p>\n<p>[\/et_pb_text][et_pb_button button_url=&#8221;@ET-DC@eyJkeW5hbWljIjp0cnVlLCJjb250ZW50IjoicG9zdF9saW5rX3VybF9wYWdlIiwic2V0dGluZ3MiOnsicG9zdF9pZCI6IjI1NzM1NSJ9fQ==@&#8221; button_text=&#8221;Log\u00f3 Gal\u00e9ria&#8221; button_alignment=&#8221;left&#8221; _builder_version=&#8221;4.27.4&#8243; _dynamic_attributes=&#8221;button_url&#8221; _module_preset=&#8221;default&#8221; transform_scale=&#8221;74%|74%&#8221; transform_scale_linked=&#8221;off&#8221; custom_margin=&#8221;-92px||116px|-17px|false|false&#8221; global_colors_info=&#8221;{}&#8221; transform_styles__hover_enabled=&#8221;on|hover&#8221; transform_scale__hover_enabled=&#8221;on|hover&#8221; transform_translate__hover_enabled=&#8221;on|desktop&#8221; transform_rotate__hover_enabled=&#8221;on|desktop&#8221; transform_skew__hover_enabled=&#8221;on|desktop&#8221; transform_origin__hover_enabled=&#8221;on|desktop&#8221; transform_scale__hover=&#8221;74%|74%&#8221;][\/et_pb_button][\/et_pb_column][et_pb_column type=&#8221;3_5&#8243; _builder_version=&#8221;4.27.3&#8243; _module_preset=&#8221;default&#8221; global_colors_info=&#8221;{}&#8221;][et_pb_video src=&#8221;https:\/\/youtu.be\/BhbMIzcfSf8&#8243; play_icon_color=&#8221;#013145&#8243; _builder_version=&#8221;4.27.4&#8243; _module_preset=&#8221;default&#8221; border_radii=&#8221;on|8px|8px|8px|8px&#8221; global_colors_info=&#8221;{}&#8221;][\/et_pb_video][\/et_pb_column][\/et_pb_row][et_pb_row column_structure=&#8221;2_5,3_5&#8243; _builder_version=&#8221;4.27.4&#8243; _module_preset=&#8221;default&#8221; custom_padding=&#8221;35px||||false|false&#8221; global_colors_info=&#8221;{}&#8221;][et_pb_column type=&#8221;2_5&#8243; _builder_version=&#8221;4.27.3&#8243; _module_preset=&#8221;default&#8221; global_colors_info=&#8221;{}&#8221;][et_pb_heading title=&#8221;A k\u00f6zm\u00e9dia arculat&#8221; _builder_version=&#8221;4.27.4&#8243; _module_preset=&#8221;default&#8221; global_colors_info=&#8221;{}&#8221;][\/et_pb_heading][et_pb_text _builder_version=&#8221;4.27.3&#8243; _module_preset=&#8221;default&#8221; text_line_height=&#8221;1.9em&#8221; custom_padding=&#8221;||0px|||&#8221; global_colors_info=&#8221;{}&#8221;]<\/p>\n<p><span>Nem \u00e9n t\u00f6lt\u00f6ttem fel, de csak egy hozz\u00e1s sz\u00f3l\u00e1st szeretn\u00e9k id\u00e9zni (ez m\u00e9g a legels\u0151 v\u00e1ltozata az \u00e1ltalam dirig\u00e1lt arculatnak):\u00a0<\/span><\/p>\n<p><span><\/span><\/p>\n<p><em>&#8222;Ez valami csod\u00e1latos \u00a0Gyerekkoromban mennyit megn\u00e9zhettem ezt a vide\u00f3t, most meg vagyok 17 \u00e9ves \u00e9s lehet m\u00e1r t\u00f6bb mint 5 \u00e9ve nem l\u00e1ttam. A hideg futkosott rajtam ahogy n\u00e9ztem \u00a0Itt m\u00e9g volt hangulata az MTVA csatorn\u00e1inak \u00e9s m\u00e9g a m\u0171sorok is jobbak \u00e9s v\u00e1ltozatosabbak voltak. Nagyon hi\u00e1nyoznak ezek az arculati elemek \u00a0Nagyon im\u00e1dtam ezeket gyerekk\u00e9nt, \u00e9s mindenid\u0151k legjobb MTVA arculatai voltak&#8221;\u00a0<\/em><\/p>\n<p><span><\/span><\/p>\n<p>[\/et_pb_text][\/et_pb_column][et_pb_column type=&#8221;3_5&#8243; _builder_version=&#8221;4.27.3&#8243; _module_preset=&#8221;default&#8221; global_colors_info=&#8221;{}&#8221;][et_pb_video src=&#8221;https:\/\/youtu.be\/zVGbD0vVwxc?si=dmWa4VdsFDjV0tbm&#8221; play_icon_color=&#8221;#013145&#8243; _builder_version=&#8221;4.27.4&#8243; _module_preset=&#8221;default&#8221; border_radii=&#8221;on|8px|8px|8px|8px&#8221; global_colors_info=&#8221;{}&#8221;][\/et_pb_video][\/et_pb_column][\/et_pb_row][et_pb_row _builder_version=&#8221;4.27.4&#8243; _module_preset=&#8221;default&#8221; global_colors_info=&#8221;{}&#8221;][et_pb_column type=&#8221;4_4&#8243; _builder_version=&#8221;4.27.4&#8243; _module_preset=&#8221;default&#8221; global_colors_info=&#8221;{}&#8221;][et_pb_button button_url=&#8221;@ET-DC@eyJkeW5hbWljIjp0cnVlLCJjb250ZW50IjoicG9zdF9saW5rX3VybF9wYWdlIiwic2V0dGluZ3MiOnsicG9zdF9pZCI6IjI1NzQwMiJ9fQ==@&#8221; button_text=&#8221;Tov\u00e1bb a t\u00f6bbi munk\u00e1mra&#8221; button_alignment=&#8221;right&#8221; _builder_version=&#8221;4.27.4&#8243; _dynamic_attributes=&#8221;button_url&#8221; _module_preset=&#8221;default&#8221; custom_button=&#8221;on&#8221; button_text_size=&#8221;14px&#8221; button_on_hover=&#8221;off&#8221; custom_margin=&#8221;57px||||false|false&#8221; global_colors_info=&#8221;{}&#8221;][\/et_pb_button][\/et_pb_column][\/et_pb_row][\/et_pb_section]<\/p>\n","protected":false},"excerpt":{"rendered":"<p>2D animation, After Effects, television animation, commercial animation, LED background, website design, social media design, video editing, AVID, Adobe Premiere Pro, graphic designer, animator, videographer, supervisor, lighting, coloring, AI, logo design, WordPress<\/p>","protected":false},"author":1,"featured_media":0,"parent":115,"menu_order":1,"comment_status":"closed","ping_status":"closed","template":"","meta":{"_et_pb_use_builder":"on","_et_pb_old_content":"<!-- wp:protected-video\/protected-video {\"videoUrl\":\"https:\/\/youtu.be\/d2Zn7egRGbE\",\"videoId\":\"d2Zn7egRGbE\",\"videoService\":\"youtube\"} -->\r\n<div class=\"wp-block-protected-video-protected-video\" data-id1=\"eW91dHViZQ==\" data-id2=\"ZDJabjdlZ1JHYkU=\"><\/div>\r\n<!-- \/wp:protected-video\/protected-video -->","_et_gb_content_width":"","footnotes":""},"class_list":["post-125","page","type-page","status-publish","hentry"],"yoast_head":"<!-- This site is optimized with the Yoast SEO plugin v27.3 - https:\/\/yoast.com\/product\/yoast-seo-wordpress\/ -->\n<title>Portolio Demoreel Showreel<\/title>\n<meta name=\"description\" content=\"Portfolio Showreel Demoreel\" \/>\n<meta name=\"robots\" content=\"index, follow, max-snippet:-1, max-image-preview:large, max-video-preview:-1\" \/>\n<link rel=\"canonical\" href=\"https:\/\/nszm.art\/en\/arculattervezes-videografika-reklam-film-video-mediadesign-art-mediaart-televizios-musor\/demoreel\/\" \/>\n<meta property=\"og:locale\" content=\"en_GB\" \/>\n<meta property=\"og:type\" content=\"article\" \/>\n<meta property=\"og:title\" content=\"Portolio Demoreel Showreel\" \/>\n<meta property=\"og:description\" content=\"Portfolio Showreel Demoreel\" \/>\n<meta property=\"og:url\" content=\"https:\/\/nszm.art\/en\/arculattervezes-videografika-reklam-film-video-mediadesign-art-mediaart-televizios-musor\/demoreel\/\" \/>\n<meta property=\"og:site_name\" content=\"nszm.art | Vide\u00f3grafika Media design Mozg\u00f3k\u00e9pgy\u00e1rt\u00f3 Anim\u00e1ci\u00f3\" \/>\n<meta property=\"article:publisher\" content=\"https:\/\/www.facebook.com\/nagyszil\" \/>\n<meta property=\"article:modified_time\" content=\"2026-01-28T06:49:58+00:00\" \/>\n<meta property=\"og:image\" content=\"https:\/\/nszm.art\/wp-content\/uploads\/2023\/09\/NSZM_favicon_bold.png\" \/>\n\t<meta property=\"og:image:width\" content=\"512\" \/>\n\t<meta property=\"og:image:height\" content=\"512\" \/>\n\t<meta property=\"og:image:type\" content=\"image\/png\" \/>\n<meta name=\"twitter:card\" content=\"summary_large_image\" \/>\n<meta name=\"twitter:site\" content=\"@nszmart\" \/>\n<meta name=\"twitter:label1\" content=\"Estimated reading time\" \/>\n\t<meta name=\"twitter:data1\" content=\"2 minutes\" \/>\n<script type=\"application\/ld+json\" class=\"yoast-schema-graph\">{\"@context\":\"https:\\\/\\\/schema.org\",\"@graph\":[{\"@type\":\"WebPage\",\"@id\":\"https:\\\/\\\/nszm.art\\\/arculattervezes-videografika-reklam-film-video-mediadesign-art-mediaart-televizios-musor\\\/demoreel\\\/\",\"url\":\"https:\\\/\\\/nszm.art\\\/arculattervezes-videografika-reklam-film-video-mediadesign-art-mediaart-televizios-musor\\\/demoreel\\\/\",\"name\":\"Portolio Demoreel Showreel\",\"isPartOf\":{\"@id\":\"https:\\\/\\\/nszm.art\\\/#website\"},\"datePublished\":\"2023-10-26T13:40:38+00:00\",\"dateModified\":\"2026-01-28T06:49:58+00:00\",\"description\":\"Portfolio Showreel Demoreel\",\"breadcrumb\":{\"@id\":\"https:\\\/\\\/nszm.art\\\/arculattervezes-videografika-reklam-film-video-mediadesign-art-mediaart-televizios-musor\\\/demoreel\\\/#breadcrumb\"},\"inLanguage\":\"en-GB\",\"potentialAction\":[{\"@type\":\"ReadAction\",\"target\":[\"https:\\\/\\\/nszm.art\\\/arculattervezes-videografika-reklam-film-video-mediadesign-art-mediaart-televizios-musor\\\/demoreel\\\/\"]}]},{\"@type\":\"BreadcrumbList\",\"@id\":\"https:\\\/\\\/nszm.art\\\/arculattervezes-videografika-reklam-film-video-mediadesign-art-mediaart-televizios-musor\\\/demoreel\\\/#breadcrumb\",\"itemListElement\":[{\"@type\":\"ListItem\",\"position\":1,\"name\":\"Home\",\"item\":\"https:\\\/\\\/nszm.art\\\/\"},{\"@type\":\"ListItem\",\"position\":2,\"name\":\"NSZM.ART\",\"item\":\"https:\\\/\\\/nszm.art\\\/\"},{\"@type\":\"ListItem\",\"position\":3,\"name\":\"DemoReels\"}]},{\"@type\":\"WebSite\",\"@id\":\"https:\\\/\\\/nszm.art\\\/#website\",\"url\":\"https:\\\/\\\/nszm.art\\\/\",\"name\":\"nszm.art | Vide\u00f3grafika, Mozg\u00f3k\u00e9pgy\u00e1rt\u00e1s, Vizu\u00e1lis Soial media, Artdirektor\",\"description\":\"Nagy Szil\u00e1rd Mih\u00e1ly - Mozg\u00f3k\u00e9pes mindenes, Vide\u00f3-grafikus. 2D anim\u00e1ci\u00f3, Media design. Arculat, Grafika, Rekl\u00e1m, AI, Film gy\u00e1rt\u00e1s, Art direktor, Social media, Art\",\"publisher\":{\"@id\":\"https:\\\/\\\/nszm.art\\\/#\\\/schema\\\/person\\\/987862e887497c3a4ebad754077007a5\"},\"alternateName\":\"Nagy Szil\u00e1rd Mih\u00e1ly Mozg\u00f3k\u00e9pk\u00e9sz\u00edt\u0151, Tervez\u0151Grafikus, Vide\u00f3grafikus,\",\"potentialAction\":[{\"@type\":\"SearchAction\",\"target\":{\"@type\":\"EntryPoint\",\"urlTemplate\":\"https:\\\/\\\/nszm.art\\\/?s={search_term_string}\"},\"query-input\":{\"@type\":\"PropertyValueSpecification\",\"valueRequired\":true,\"valueName\":\"search_term_string\"}}],\"inLanguage\":\"en-GB\"},{\"@type\":[\"Person\",\"Organization\"],\"@id\":\"https:\\\/\\\/nszm.art\\\/#\\\/schema\\\/person\\\/987862e887497c3a4ebad754077007a5\",\"name\":\"nszm\",\"image\":{\"@type\":\"ImageObject\",\"inLanguage\":\"en-GB\",\"@id\":\"https:\\\/\\\/nszm.art\\\/wp-content\\\/uploads\\\/2024\\\/10\\\/nszm_portre.jpg\",\"url\":\"https:\\\/\\\/nszm.art\\\/wp-content\\\/uploads\\\/2024\\\/10\\\/nszm_portre.jpg\",\"contentUrl\":\"https:\\\/\\\/nszm.art\\\/wp-content\\\/uploads\\\/2024\\\/10\\\/nszm_portre.jpg\",\"width\":800,\"height\":800,\"caption\":\"nszm\"},\"logo\":{\"@id\":\"https:\\\/\\\/nszm.art\\\/wp-content\\\/uploads\\\/2024\\\/10\\\/nszm_portre.jpg\"},\"description\":\"Vide\u00f3grafikus, grafikus, filmes, tele\u00edzi\u00f3s szakember. V\u00e1g\u00f3\",\"sameAs\":[\"http:\\\/\\\/nszm.art\",\"https:\\\/\\\/www.facebook.com\\\/nagyszil\",\"https:\\\/\\\/www.instagram.com\\\/nszm_art\\\/\",\"https:\\\/\\\/www.linkedin.com\\\/in\\\/szilardnagy\\\/\",\"www.pinterest.com\\\/nagyszilardmihaly\",\"https:\\\/\\\/x.com\\\/https:\\\/\\\/x.com\\\/nszmart\",\"https:\\\/\\\/www.youtube.com\\\/@NagySzilardMihaly\",\"https:\\\/\\\/www.tumblr.com\\\/nszmart\"]}]}<\/script>\n<!-- \/ Yoast SEO plugin. -->","yoast_head_json":{"title":"Portolio Demoreel showreel","description":"Portfolio Showreel Demoreel","robots":{"index":"index","follow":"follow","max-snippet":"max-snippet:-1","max-image-preview":"max-image-preview:large","max-video-preview":"max-video-preview:-1"},"canonical":"https:\/\/nszm.art\/en\/arculattervezes-videografika-reklam-film-video-mediadesign-art-mediaart-televizios-musor\/demoreel\/","og_locale":"en_GB","og_type":"article","og_title":"Portolio Demoreel Showreel","og_description":"Portfolio Showreel Demoreel","og_url":"https:\/\/nszm.art\/en\/arculattervezes-videografika-reklam-film-video-mediadesign-art-mediaart-televizios-musor\/demoreel\/","og_site_name":"nszm.art | Vide\u00f3grafika Media design Mozg\u00f3k\u00e9pgy\u00e1rt\u00f3 Anim\u00e1ci\u00f3","article_publisher":"https:\/\/www.facebook.com\/nagyszil","article_modified_time":"2026-01-28T06:49:58+00:00","og_image":[{"width":512,"height":512,"url":"https:\/\/nszm.art\/wp-content\/uploads\/2023\/09\/NSZM_favicon_bold.png","type":"image\/png"}],"twitter_card":"summary_large_image","twitter_site":"@nszmart","twitter_misc":{"Estimated reading time":"2 minutes"},"schema":{"@context":"https:\/\/schema.org","@graph":[{"@type":"WebPage","@id":"https:\/\/nszm.art\/arculattervezes-videografika-reklam-film-video-mediadesign-art-mediaart-televizios-musor\/demoreel\/","url":"https:\/\/nszm.art\/arculattervezes-videografika-reklam-film-video-mediadesign-art-mediaart-televizios-musor\/demoreel\/","name":"Portolio Demoreel showreel","isPartOf":{"@id":"https:\/\/nszm.art\/#website"},"datePublished":"2023-10-26T13:40:38+00:00","dateModified":"2026-01-28T06:49:58+00:00","description":"Portfolio Showreel Demoreel","breadcrumb":{"@id":"https:\/\/nszm.art\/arculattervezes-videografika-reklam-film-video-mediadesign-art-mediaart-televizios-musor\/demoreel\/#breadcrumb"},"inLanguage":"en-GB","potentialAction":[{"@type":"ReadAction","target":["https:\/\/nszm.art\/arculattervezes-videografika-reklam-film-video-mediadesign-art-mediaart-televizios-musor\/demoreel\/"]}]},{"@type":"BreadcrumbList","@id":"https:\/\/nszm.art\/arculattervezes-videografika-reklam-film-video-mediadesign-art-mediaart-televizios-musor\/demoreel\/#breadcrumb","itemListElement":[{"@type":"ListItem","position":1,"name":"Home","item":"https:\/\/nszm.art\/"},{"@type":"ListItem","position":2,"name":"NSZM.ART","item":"https:\/\/nszm.art\/"},{"@type":"ListItem","position":3,"name":"DemoReels"}]},{"@type":"WebSite","@id":"https:\/\/nszm.art\/#website","url":"https:\/\/nszm.art\/","name":"nszm.art | Video graphics, Motion picture production, Visual Soial media, Art director","description":"Szil\u00e1rd Mih\u00e1ly Nagy - Cinematographer, Video graphics, 2D animation, Media design, Art direction, Social media, Art, Graphics, Advertising, AI, Film production, Art director, Graphics, Advertising, AI","publisher":{"@id":"https:\/\/nszm.art\/#\/schema\/person\/987862e887497c3a4ebad754077007a5"},"alternateName":"Nagy Szil\u00e1rd Mih\u00e1ly Mozg\u00f3k\u00e9pk\u00e9sz\u00edt\u0151, Tervez\u0151Grafikus, Vide\u00f3grafikus,","potentialAction":[{"@type":"SearchAction","target":{"@type":"EntryPoint","urlTemplate":"https:\/\/nszm.art\/?s={search_term_string}"},"query-input":{"@type":"PropertyValueSpecification","valueRequired":true,"valueName":"search_term_string"}}],"inLanguage":"en-GB"},{"@type":["Person","Organization"],"@id":"https:\/\/nszm.art\/#\/schema\/person\/987862e887497c3a4ebad754077007a5","name":"nszm","image":{"@type":"ImageObject","inLanguage":"en-GB","@id":"https:\/\/nszm.art\/wp-content\/uploads\/2024\/10\/nszm_portre.jpg","url":"https:\/\/nszm.art\/wp-content\/uploads\/2024\/10\/nszm_portre.jpg","contentUrl":"https:\/\/nszm.art\/wp-content\/uploads\/2024\/10\/nszm_portre.jpg","width":800,"height":800,"caption":"nszm"},"logo":{"@id":"https:\/\/nszm.art\/wp-content\/uploads\/2024\/10\/nszm_portre.jpg"},"description":"Videographer, graphic designer, filmmaker, telecine specialist. Editor","sameAs":["http:\/\/nszm.art","https:\/\/www.facebook.com\/nagyszil","https:\/\/www.instagram.com\/nszm_art\/","https:\/\/www.linkedin.com\/in\/szilardnagy\/","www.pinterest.com\/nagyszilardmihaly","https:\/\/x.com\/https:\/\/x.com\/nszmart","https:\/\/www.youtube.com\/@NagySzilardMihaly","https:\/\/www.tumblr.com\/nszmart"]}]}},"_links":{"self":[{"href":"https:\/\/nszm.art\/en\/wp-json\/wp\/v2\/pages\/125","targetHints":{"allow":["GET"]}}],"collection":[{"href":"https:\/\/nszm.art\/en\/wp-json\/wp\/v2\/pages"}],"about":[{"href":"https:\/\/nszm.art\/en\/wp-json\/wp\/v2\/types\/page"}],"author":[{"embeddable":true,"href":"https:\/\/nszm.art\/en\/wp-json\/wp\/v2\/users\/1"}],"replies":[{"embeddable":true,"href":"https:\/\/nszm.art\/en\/wp-json\/wp\/v2\/comments?post=125"}],"version-history":[{"count":32,"href":"https:\/\/nszm.art\/en\/wp-json\/wp\/v2\/pages\/125\/revisions"}],"predecessor-version":[{"id":257998,"href":"https:\/\/nszm.art\/en\/wp-json\/wp\/v2\/pages\/125\/revisions\/257998"}],"up":[{"embeddable":true,"href":"https:\/\/nszm.art\/en\/wp-json\/wp\/v2\/pages\/115"}],"wp:attachment":[{"href":"https:\/\/nszm.art\/en\/wp-json\/wp\/v2\/media?parent=125"}],"curies":[{"name":"wp","href":"https:\/\/api.w.org\/{rel}","templated":true}]}}