{"id":257193,"date":"2025-01-10T17:42:24","date_gmt":"2025-01-10T16:42:24","guid":{"rendered":"https:\/\/nszm.art\/?page_id=257193"},"modified":"2026-01-07T09:19:00","modified_gmt":"2026-01-07T08:19:00","slug":"skills-skills","status":"publish","type":"page","link":"https:\/\/nszm.art\/en\/arculattervezes-videografika-reklam-film-video-mediadesign-art-mediaart-televizios-musor\/skills-keszsegek\/","title":{"rendered":"Skills"},"content":{"rendered":"<p>[et_pb_section fb_built=&#8221;1&#8243; _builder_version=&#8221;4.27.4&#8243; _module_preset=&#8221;default&#8221; global_colors_info=&#8221;{}&#8221;][et_pb_row column_structure=&#8221;1_2,1_2&#8243; _builder_version=&#8221;4.27.4&#8243; _module_preset=&#8221;default&#8221; global_colors_info=&#8221;{}&#8221;][et_pb_column type=&#8221;1_2&#8243; _builder_version=&#8221;4.27.4&#8243; _module_preset=&#8221;default&#8221; global_colors_info=&#8221;{}&#8221;][\/et_pb_column][et_pb_column type=&#8221;1_2&#8243; _builder_version=&#8221;4.27.4&#8243; _module_preset=&#8221;default&#8221; global_colors_info=&#8221;{}&#8221;][\/et_pb_column][\/et_pb_row][\/et_pb_section]<\/p>\n","protected":false},"excerpt":{"rendered":"<p>A summary of my skills (Skills) Adobe After Effects<br \/>\nAdobe Photoshop<br \/>\nAdobe Illustrator<br \/>\nAdobe Premiere Pro<br \/>\nAvid Media Composer<br \/>\nAI programmes<br \/>\nCameraman - cameraman<br \/>\nBroadcast editing -<br \/>\nSort by<br \/>\nStudio technology<br \/>\nWeb Wordpress<br \/>\nSEO - Web marketing<br \/>\nAdvertising - Marketing<br \/>\nSocial media<br \/>\nFigma<br \/>\nMOHO animation<br \/>\nPhoto from<br \/>\nOffice programmes<br \/>\nWindows - Apple Macintosh<\/p>","protected":false},"author":1,"featured_media":255321,"parent":115,"menu_order":3,"comment_status":"closed","ping_status":"closed","template":"","meta":{"_et_pb_use_builder":"on","_et_pb_old_content":"","_et_gb_content_width":"","footnotes":""},"class_list":["post-257193","page","type-page","status-publish","has-post-thumbnail","hentry"],"yoast_head":"<!-- This site is optimized with the Yoast SEO plugin v27.3 - https:\/\/yoast.com\/product\/yoast-seo-wordpress\/ -->\n<title>NSZM ART Vide\u00f3-, grafikai tartalomtervez\u00e9s | nszm.art | Vide\u00f3grafika Media design Mozg\u00f3k\u00e9pgy\u00e1rt\u00f3 Anim\u00e1ci\u00f3 NSZM ART Vide\u00f3gy\u00e1rt\u00e1s, rekl\u00e1m<\/title>\n<meta name=\"description\" content=\"NSZM ARTnszm.art | Vide\u00f3grafika Media design Mozg\u00f3k\u00e9pgy\u00e1rt\u00f3 Anim\u00e1ci\u00f3 VIDEO DESIGN - ANIM\u00c1CI\u00d3 - VIDE\u00d3GRAFIKA | Tervez\u0151grafikus - Vide\u00f3grafikus - Anim\u00e1tor - Designer | Skills Grafikai tervez\u00e9s, vide\u00f3 k\u00e9sz\u00edt\u00e9s, anim\u00e1ci\u00f3, rekl\u00e1mfilm, c\u00e9ges film, tartalomgy\u00e1rt\u00e1s, kreat\u00edv \u00fcgyn\u00f6ks\u00e9g, vizu\u00e1lis kommunik\u00e1ci\u00f3, mediadesign, marketingfilm 2d anim\u00e1ci\u00f3, illusztr\u00e1ci\u00f3, vide\u00f3szerkeszt\u00e9s, ut\u00f3munka, special effects, VFX, Telev\u00edzi\u00f3, film, Supervisor, Grafikus Vide\u00f3grafika, ut\u00f3munka, kreat\u00edv, Social media \ud83c\udfa5\" \/>\n<meta name=\"robots\" content=\"index, follow, max-snippet:-1, max-image-preview:large, max-video-preview:-1\" \/>\n<link rel=\"canonical\" href=\"https:\/\/nszm.art\/en\/arculattervezes-videografika-reklam-film-video-mediadesign-art-mediaart-televizios-musor\/skills-skills\/\" \/>\n<meta property=\"og:locale\" content=\"en_GB\" \/>\n<meta property=\"og:type\" content=\"article\" \/>\n<meta property=\"og:title\" content=\"NSZM ART Vide\u00f3-, grafikai tartalomtervez\u00e9s | nszm.art | Vide\u00f3grafika Media design Mozg\u00f3k\u00e9pgy\u00e1rt\u00f3 Anim\u00e1ci\u00f3 NSZM ART Vide\u00f3gy\u00e1rt\u00e1s, rekl\u00e1m\" \/>\n<meta property=\"og:description\" content=\"NSZM ARTnszm.art | Vide\u00f3grafika Media design Mozg\u00f3k\u00e9pgy\u00e1rt\u00f3 Anim\u00e1ci\u00f3 VIDEO DESIGN - ANIM\u00c1CI\u00d3 - VIDE\u00d3GRAFIKA | Tervez\u0151grafikus - Vide\u00f3grafikus - Anim\u00e1tor - Designer | Skills Grafikai tervez\u00e9s, vide\u00f3 k\u00e9sz\u00edt\u00e9s, anim\u00e1ci\u00f3, rekl\u00e1mfilm, c\u00e9ges film, tartalomgy\u00e1rt\u00e1s, kreat\u00edv \u00fcgyn\u00f6ks\u00e9g, vizu\u00e1lis kommunik\u00e1ci\u00f3, mediadesign, marketingfilm 2d anim\u00e1ci\u00f3, illusztr\u00e1ci\u00f3, vide\u00f3szerkeszt\u00e9s, ut\u00f3munka, special effects, VFX, Telev\u00edzi\u00f3, film, Supervisor, Grafikus Vide\u00f3grafika, ut\u00f3munka, kreat\u00edv, Social media \ud83c\udfa5\" \/>\n<meta property=\"og:url\" content=\"https:\/\/nszm.art\/en\/arculattervezes-videografika-reklam-film-video-mediadesign-art-mediaart-televizios-musor\/skills-skills\/\" \/>\n<meta property=\"og:site_name\" content=\"nszm.art | Vide\u00f3grafika Media design Mozg\u00f3k\u00e9pgy\u00e1rt\u00f3 Anim\u00e1ci\u00f3\" \/>\n<meta property=\"article:publisher\" content=\"https:\/\/www.facebook.com\/nagyszil\" \/>\n<meta property=\"article:modified_time\" content=\"2026-01-07T08:19:00+00:00\" \/>\n<meta property=\"og:image\" content=\"https:\/\/nszm.art\/wp-content\/uploads\/2023\/10\/concretecube_pre.jpeg\" \/>\n\t<meta property=\"og:image:width\" content=\"1024\" \/>\n\t<meta property=\"og:image:height\" content=\"1024\" \/>\n\t<meta property=\"og:image:type\" content=\"image\/jpeg\" \/>\n<meta name=\"twitter:card\" content=\"summary_large_image\" \/>\n<meta name=\"twitter:site\" content=\"@nszmart\" \/>\n<script type=\"application\/ld+json\" class=\"yoast-schema-graph\">{\"@context\":\"https:\\\/\\\/schema.org\",\"@graph\":[{\"@type\":\"WebPage\",\"@id\":\"https:\\\/\\\/nszm.art\\\/arculattervezes-videografika-reklam-film-video-mediadesign-art-mediaart-televizios-musor\\\/skills-keszsegek\\\/\",\"url\":\"https:\\\/\\\/nszm.art\\\/arculattervezes-videografika-reklam-film-video-mediadesign-art-mediaart-televizios-musor\\\/skills-keszsegek\\\/\",\"name\":\"NSZM ART Vide\u00f3-, grafikai tartalomtervez\u00e9s | nszm.art | Vide\u00f3grafika Media design Mozg\u00f3k\u00e9pgy\u00e1rt\u00f3 Anim\u00e1ci\u00f3 NSZM ART Vide\u00f3gy\u00e1rt\u00e1s, rekl\u00e1m\",\"isPartOf\":{\"@id\":\"https:\\\/\\\/nszm.art\\\/#website\"},\"primaryImageOfPage\":{\"@id\":\"https:\\\/\\\/nszm.art\\\/arculattervezes-videografika-reklam-film-video-mediadesign-art-mediaart-televizios-musor\\\/skills-keszsegek\\\/#primaryimage\"},\"image\":{\"@id\":\"https:\\\/\\\/nszm.art\\\/arculattervezes-videografika-reklam-film-video-mediadesign-art-mediaart-televizios-musor\\\/skills-keszsegek\\\/#primaryimage\"},\"thumbnailUrl\":\"https:\\\/\\\/nszm.art\\\/wp-content\\\/uploads\\\/2023\\\/10\\\/concretecube_pre.jpeg\",\"datePublished\":\"2025-01-10T16:42:24+00:00\",\"dateModified\":\"2026-01-07T08:19:00+00:00\",\"description\":\"NSZM ARTnszm.art | Vide\u00f3grafika Media design Mozg\u00f3k\u00e9pgy\u00e1rt\u00f3 Anim\u00e1ci\u00f3 VIDEO DESIGN - ANIM\u00c1CI\u00d3 - VIDE\u00d3GRAFIKA | Tervez\u0151grafikus - Vide\u00f3grafikus - Anim\u00e1tor - Designer | Skills Grafikai tervez\u00e9s, vide\u00f3 k\u00e9sz\u00edt\u00e9s, anim\u00e1ci\u00f3, rekl\u00e1mfilm, c\u00e9ges film, tartalomgy\u00e1rt\u00e1s, kreat\u00edv \u00fcgyn\u00f6ks\u00e9g, vizu\u00e1lis kommunik\u00e1ci\u00f3, mediadesign, marketingfilm 2d anim\u00e1ci\u00f3, illusztr\u00e1ci\u00f3, vide\u00f3szerkeszt\u00e9s, ut\u00f3munka, special effects, VFX, Telev\u00edzi\u00f3, film, Supervisor, Grafikus Vide\u00f3grafika, ut\u00f3munka, kreat\u00edv, Social media \ud83c\udfa5\",\"breadcrumb\":{\"@id\":\"https:\\\/\\\/nszm.art\\\/arculattervezes-videografika-reklam-film-video-mediadesign-art-mediaart-televizios-musor\\\/skills-keszsegek\\\/#breadcrumb\"},\"inLanguage\":\"en-GB\",\"potentialAction\":[{\"@type\":\"ReadAction\",\"target\":[\"https:\\\/\\\/nszm.art\\\/arculattervezes-videografika-reklam-film-video-mediadesign-art-mediaart-televizios-musor\\\/skills-keszsegek\\\/\"]}]},{\"@type\":\"ImageObject\",\"inLanguage\":\"en-GB\",\"@id\":\"https:\\\/\\\/nszm.art\\\/arculattervezes-videografika-reklam-film-video-mediadesign-art-mediaart-televizios-musor\\\/skills-keszsegek\\\/#primaryimage\",\"url\":\"https:\\\/\\\/nszm.art\\\/wp-content\\\/uploads\\\/2023\\\/10\\\/concretecube_pre.jpeg\",\"contentUrl\":\"https:\\\/\\\/nszm.art\\\/wp-content\\\/uploads\\\/2023\\\/10\\\/concretecube_pre.jpeg\",\"width\":1024,\"height\":1024,\"caption\":\"Nagy Szil\u00e1rd Mih\u00e1ly Grafikus, Tervez\u0151grafikus, Vide\u00f3grafikus, Arculattervez\u0151, Designer\"},{\"@type\":\"BreadcrumbList\",\"@id\":\"https:\\\/\\\/nszm.art\\\/arculattervezes-videografika-reklam-film-video-mediadesign-art-mediaart-televizios-musor\\\/skills-keszsegek\\\/#breadcrumb\",\"itemListElement\":[{\"@type\":\"ListItem\",\"position\":1,\"name\":\"Home\",\"item\":\"https:\\\/\\\/nszm.art\\\/\"},{\"@type\":\"ListItem\",\"position\":2,\"name\":\"NSZM.ART\",\"item\":\"https:\\\/\\\/nszm.art\\\/\"},{\"@type\":\"ListItem\",\"position\":3,\"name\":\"Skills\"}]},{\"@type\":\"WebSite\",\"@id\":\"https:\\\/\\\/nszm.art\\\/#website\",\"url\":\"https:\\\/\\\/nszm.art\\\/\",\"name\":\"nszm.art | Vide\u00f3grafika, Mozg\u00f3k\u00e9pgy\u00e1rt\u00e1s, Vizu\u00e1lis Soial media, Artdirektor\",\"description\":\"Nagy Szil\u00e1rd Mih\u00e1ly - Mozg\u00f3k\u00e9pes mindenes, Vide\u00f3-grafikus. 2D anim\u00e1ci\u00f3, Media design. Arculat, Grafika, Rekl\u00e1m, AI, Film gy\u00e1rt\u00e1s, Art direktor, Social media, Art\",\"publisher\":{\"@id\":\"https:\\\/\\\/nszm.art\\\/#\\\/schema\\\/person\\\/987862e887497c3a4ebad754077007a5\"},\"alternateName\":\"Nagy Szil\u00e1rd Mih\u00e1ly Mozg\u00f3k\u00e9pk\u00e9sz\u00edt\u0151, Tervez\u0151Grafikus, Vide\u00f3grafikus,\",\"potentialAction\":[{\"@type\":\"SearchAction\",\"target\":{\"@type\":\"EntryPoint\",\"urlTemplate\":\"https:\\\/\\\/nszm.art\\\/?s={search_term_string}\"},\"query-input\":{\"@type\":\"PropertyValueSpecification\",\"valueRequired\":true,\"valueName\":\"search_term_string\"}}],\"inLanguage\":\"en-GB\"},{\"@type\":[\"Person\",\"Organization\"],\"@id\":\"https:\\\/\\\/nszm.art\\\/#\\\/schema\\\/person\\\/987862e887497c3a4ebad754077007a5\",\"name\":\"nszm\",\"image\":{\"@type\":\"ImageObject\",\"inLanguage\":\"en-GB\",\"@id\":\"https:\\\/\\\/nszm.art\\\/wp-content\\\/uploads\\\/2024\\\/10\\\/nszm_portre.jpg\",\"url\":\"https:\\\/\\\/nszm.art\\\/wp-content\\\/uploads\\\/2024\\\/10\\\/nszm_portre.jpg\",\"contentUrl\":\"https:\\\/\\\/nszm.art\\\/wp-content\\\/uploads\\\/2024\\\/10\\\/nszm_portre.jpg\",\"width\":800,\"height\":800,\"caption\":\"nszm\"},\"logo\":{\"@id\":\"https:\\\/\\\/nszm.art\\\/wp-content\\\/uploads\\\/2024\\\/10\\\/nszm_portre.jpg\"},\"description\":\"Vide\u00f3grafikus, grafikus, filmes, tele\u00edzi\u00f3s szakember. V\u00e1g\u00f3\",\"sameAs\":[\"http:\\\/\\\/nszm.art\",\"https:\\\/\\\/www.facebook.com\\\/nagyszil\",\"https:\\\/\\\/www.instagram.com\\\/nszm_art\\\/\",\"https:\\\/\\\/www.linkedin.com\\\/in\\\/szilardnagy\\\/\",\"www.pinterest.com\\\/nagyszilardmihaly\",\"https:\\\/\\\/x.com\\\/https:\\\/\\\/x.com\\\/nszmart\",\"https:\\\/\\\/www.youtube.com\\\/@NagySzilardMihaly\",\"https:\\\/\\\/www.tumblr.com\\\/nszmart\"]}]}<\/script>\n<!-- \/ Yoast SEO plugin. -->","yoast_head_json":{"title":"NSZM ART Video and graphic content design | nszm.art | Video graphics Media design Motion graphics production Animation NSZM ART Video production, advertising","description":"NSZM ARTnszm.art | Video graphics Media design Motion graphics Production Animation VIDEO DESIGN - ANIMATION - VIDEOGRAPHICS | Graphic designer - Graphic artist - Video artist - Animator - Designer | Skills Graphic design, video production, animation, commercials, corporate film, content production, creative agency, visual communication, mediadesign, marketing film 2d animation, illustration, video editing, post production, special effects, VFX, Television, film, Supervisor, Graphic Video Graphics, post production, creative, Social media \ud83c\udfa5","robots":{"index":"index","follow":"follow","max-snippet":"max-snippet:-1","max-image-preview":"max-image-preview:large","max-video-preview":"max-video-preview:-1"},"canonical":"https:\/\/nszm.art\/en\/arculattervezes-videografika-reklam-film-video-mediadesign-art-mediaart-televizios-musor\/skills-skills\/","og_locale":"en_GB","og_type":"article","og_title":"NSZM ART Vide\u00f3-, grafikai tartalomtervez\u00e9s | nszm.art | Vide\u00f3grafika Media design Mozg\u00f3k\u00e9pgy\u00e1rt\u00f3 Anim\u00e1ci\u00f3 NSZM ART Vide\u00f3gy\u00e1rt\u00e1s, rekl\u00e1m","og_description":"NSZM ARTnszm.art | Vide\u00f3grafika Media design Mozg\u00f3k\u00e9pgy\u00e1rt\u00f3 Anim\u00e1ci\u00f3 VIDEO DESIGN - ANIM\u00c1CI\u00d3 - VIDE\u00d3GRAFIKA | Tervez\u0151grafikus - Vide\u00f3grafikus - Anim\u00e1tor - Designer | Skills Grafikai tervez\u00e9s, vide\u00f3 k\u00e9sz\u00edt\u00e9s, anim\u00e1ci\u00f3, rekl\u00e1mfilm, c\u00e9ges film, tartalomgy\u00e1rt\u00e1s, kreat\u00edv \u00fcgyn\u00f6ks\u00e9g, vizu\u00e1lis kommunik\u00e1ci\u00f3, mediadesign, marketingfilm 2d anim\u00e1ci\u00f3, illusztr\u00e1ci\u00f3, vide\u00f3szerkeszt\u00e9s, ut\u00f3munka, special effects, VFX, Telev\u00edzi\u00f3, film, Supervisor, Grafikus Vide\u00f3grafika, ut\u00f3munka, kreat\u00edv, Social media \ud83c\udfa5","og_url":"https:\/\/nszm.art\/en\/arculattervezes-videografika-reklam-film-video-mediadesign-art-mediaart-televizios-musor\/skills-skills\/","og_site_name":"nszm.art | Vide\u00f3grafika Media design Mozg\u00f3k\u00e9pgy\u00e1rt\u00f3 Anim\u00e1ci\u00f3","article_publisher":"https:\/\/www.facebook.com\/nagyszil","article_modified_time":"2026-01-07T08:19:00+00:00","og_image":[{"width":1024,"height":1024,"url":"https:\/\/nszm.art\/wp-content\/uploads\/2023\/10\/concretecube_pre.jpeg","type":"image\/jpeg"}],"twitter_card":"summary_large_image","twitter_site":"@nszmart","schema":{"@context":"https:\/\/schema.org","@graph":[{"@type":"WebPage","@id":"https:\/\/nszm.art\/arculattervezes-videografika-reklam-film-video-mediadesign-art-mediaart-televizios-musor\/skills-keszsegek\/","url":"https:\/\/nszm.art\/arculattervezes-videografika-reklam-film-video-mediadesign-art-mediaart-televizios-musor\/skills-keszsegek\/","name":"NSZM ART Video and graphic content design | nszm.art | Video graphics Media design Motion graphics production Animation NSZM ART Video production, advertising","isPartOf":{"@id":"https:\/\/nszm.art\/#website"},"primaryImageOfPage":{"@id":"https:\/\/nszm.art\/arculattervezes-videografika-reklam-film-video-mediadesign-art-mediaart-televizios-musor\/skills-keszsegek\/#primaryimage"},"image":{"@id":"https:\/\/nszm.art\/arculattervezes-videografika-reklam-film-video-mediadesign-art-mediaart-televizios-musor\/skills-keszsegek\/#primaryimage"},"thumbnailUrl":"https:\/\/nszm.art\/wp-content\/uploads\/2023\/10\/concretecube_pre.jpeg","datePublished":"2025-01-10T16:42:24+00:00","dateModified":"2026-01-07T08:19:00+00:00","description":"NSZM ARTnszm.art | Video graphics Media design Motion graphics Production Animation VIDEO DESIGN - ANIMATION - VIDEOGRAPHICS | Graphic designer - Graphic artist - Video artist - Animator - Designer | Skills Graphic design, video production, animation, commercials, corporate film, content production, creative agency, visual communication, mediadesign, marketing film 2d animation, illustration, video editing, post production, special effects, VFX, Television, film, Supervisor, Graphic Video Graphics, post production, creative, Social media \ud83c\udfa5","breadcrumb":{"@id":"https:\/\/nszm.art\/arculattervezes-videografika-reklam-film-video-mediadesign-art-mediaart-televizios-musor\/skills-keszsegek\/#breadcrumb"},"inLanguage":"en-GB","potentialAction":[{"@type":"ReadAction","target":["https:\/\/nszm.art\/arculattervezes-videografika-reklam-film-video-mediadesign-art-mediaart-televizios-musor\/skills-keszsegek\/"]}]},{"@type":"ImageObject","inLanguage":"en-GB","@id":"https:\/\/nszm.art\/arculattervezes-videografika-reklam-film-video-mediadesign-art-mediaart-televizios-musor\/skills-keszsegek\/#primaryimage","url":"https:\/\/nszm.art\/wp-content\/uploads\/2023\/10\/concretecube_pre.jpeg","contentUrl":"https:\/\/nszm.art\/wp-content\/uploads\/2023\/10\/concretecube_pre.jpeg","width":1024,"height":1024,"caption":"Nagy Szil\u00e1rd Mih\u00e1ly Grafikus, Tervez\u0151grafikus, Vide\u00f3grafikus, Arculattervez\u0151, Designer"},{"@type":"BreadcrumbList","@id":"https:\/\/nszm.art\/arculattervezes-videografika-reklam-film-video-mediadesign-art-mediaart-televizios-musor\/skills-keszsegek\/#breadcrumb","itemListElement":[{"@type":"ListItem","position":1,"name":"Home","item":"https:\/\/nszm.art\/"},{"@type":"ListItem","position":2,"name":"NSZM.ART","item":"https:\/\/nszm.art\/"},{"@type":"ListItem","position":3,"name":"Skills"}]},{"@type":"WebSite","@id":"https:\/\/nszm.art\/#website","url":"https:\/\/nszm.art\/","name":"nszm.art | Video graphics, Motion picture production, Visual Soial media, Art director","description":"Szil\u00e1rd Mih\u00e1ly Nagy - Cinematographer, Video graphics, 2D animation, Media design, Art direction, Social media, Art, Graphics, Advertising, AI, Film production, Art director, Graphics, Advertising, AI","publisher":{"@id":"https:\/\/nszm.art\/#\/schema\/person\/987862e887497c3a4ebad754077007a5"},"alternateName":"Nagy Szil\u00e1rd Mih\u00e1ly Mozg\u00f3k\u00e9pk\u00e9sz\u00edt\u0151, Tervez\u0151Grafikus, Vide\u00f3grafikus,","potentialAction":[{"@type":"SearchAction","target":{"@type":"EntryPoint","urlTemplate":"https:\/\/nszm.art\/?s={search_term_string}"},"query-input":{"@type":"PropertyValueSpecification","valueRequired":true,"valueName":"search_term_string"}}],"inLanguage":"en-GB"},{"@type":["Person","Organization"],"@id":"https:\/\/nszm.art\/#\/schema\/person\/987862e887497c3a4ebad754077007a5","name":"nszm","image":{"@type":"ImageObject","inLanguage":"en-GB","@id":"https:\/\/nszm.art\/wp-content\/uploads\/2024\/10\/nszm_portre.jpg","url":"https:\/\/nszm.art\/wp-content\/uploads\/2024\/10\/nszm_portre.jpg","contentUrl":"https:\/\/nszm.art\/wp-content\/uploads\/2024\/10\/nszm_portre.jpg","width":800,"height":800,"caption":"nszm"},"logo":{"@id":"https:\/\/nszm.art\/wp-content\/uploads\/2024\/10\/nszm_portre.jpg"},"description":"Videographer, graphic designer, filmmaker, telecine specialist. Editor","sameAs":["http:\/\/nszm.art","https:\/\/www.facebook.com\/nagyszil","https:\/\/www.instagram.com\/nszm_art\/","https:\/\/www.linkedin.com\/in\/szilardnagy\/","www.pinterest.com\/nagyszilardmihaly","https:\/\/x.com\/https:\/\/x.com\/nszmart","https:\/\/www.youtube.com\/@NagySzilardMihaly","https:\/\/www.tumblr.com\/nszmart"]}]}},"_links":{"self":[{"href":"https:\/\/nszm.art\/en\/wp-json\/wp\/v2\/pages\/257193","targetHints":{"allow":["GET"]}}],"collection":[{"href":"https:\/\/nszm.art\/en\/wp-json\/wp\/v2\/pages"}],"about":[{"href":"https:\/\/nszm.art\/en\/wp-json\/wp\/v2\/types\/page"}],"author":[{"embeddable":true,"href":"https:\/\/nszm.art\/en\/wp-json\/wp\/v2\/users\/1"}],"replies":[{"embeddable":true,"href":"https:\/\/nszm.art\/en\/wp-json\/wp\/v2\/comments?post=257193"}],"version-history":[{"count":1,"href":"https:\/\/nszm.art\/en\/wp-json\/wp\/v2\/pages\/257193\/revisions"}],"predecessor-version":[{"id":257327,"href":"https:\/\/nszm.art\/en\/wp-json\/wp\/v2\/pages\/257193\/revisions\/257327"}],"up":[{"embeddable":true,"href":"https:\/\/nszm.art\/en\/wp-json\/wp\/v2\/pages\/115"}],"wp:featuredmedia":[{"embeddable":true,"href":"https:\/\/nszm.art\/en\/wp-json\/wp\/v2\/media\/255321"}],"wp:attachment":[{"href":"https:\/\/nszm.art\/en\/wp-json\/wp\/v2\/media?parent=257193"}],"curies":[{"name":"wp","href":"https:\/\/api.w.org\/{rel}","templated":true}]}}