{"id":257402,"date":"2025-01-05T15:07:37","date_gmt":"2025-01-05T14:07:37","guid":{"rendered":"https:\/\/nszm.art\/?page_id=257402"},"modified":"2025-01-07T05:43:20","modified_gmt":"2025-01-07T04:43:20","slug":"pr-reklam-led-screens","status":"publish","type":"page","link":"https:\/\/nszm.art\/en\/arculattervezes-videografika-reklam-film-video-mediadesign-art-mediaart-televizios-musor\/pr-reklam-led-screens\/","title":{"rendered":"LED screens"},"content":{"rendered":"<p>[et_pb_section fb_built=&#8221;1&#8243; _builder_version=&#8221;4.27.4&#8243; _module_preset=&#8221;default&#8221; use_background_color_gradient=&#8221;on&#8221; background_color_gradient_type=&#8221;elliptical&#8221; background_color_gradient_stops=&#8221;#2d2f3d 3%|#000000 75%&#8221; custom_margin=&#8221;||||false|false&#8221; custom_padding=&#8221;34px||0px||false|false&#8221; background_last_edited=&#8221;on|phone&#8221; use_background_color_gradient_phone=&#8221;off&#8221; global_colors_info=&#8221;{}&#8221;][et_pb_row column_structure=&#8221;1_3,2_3&#8243; _builder_version=&#8221;4.27.4&#8243; _module_preset=&#8221;default&#8221; global_colors_info=&#8221;{}&#8221;][et_pb_column type=&#8221;1_3&#8243; _builder_version=&#8221;4.27.4&#8243; _module_preset=&#8221;default&#8221; global_colors_info=&#8221;{}&#8221;][et_pb_heading title=&#8221;LED h\u00e1tterek tervez\u00e9se&#8221; _builder_version=&#8221;4.27.4&#8243; _module_preset=&#8221;default&#8221; global_colors_info=&#8221;{}&#8221;][\/et_pb_heading][et_pb_text _builder_version=&#8221;4.27.4&#8243; _module_preset=&#8221;default&#8221; global_colors_info=&#8221;{}&#8221;]<\/p>\n<p>Fedezd fel, hogyan teheted igaz\u00e1n leny\u0171g\u00f6z\u0151v\u00e9 a LED falas megold\u00e1saidat! Legyen sz\u00f3 belt\u00e9ri, k\u00fclt\u00e9ri vagy st\u00fadi\u00f3 k\u00f6rnyezetr\u0151l, az \u00e1ltalam k\u00e9sz\u00edtett LED grafik\u00e1k t\u00f6k\u00e9letesen illeszkednek a d\u00edszlethez \u00e9s garant\u00e1ltan mag\u00e1val ragadj\u00e1k a k\u00f6z\u00f6ns\u00e9get. A vide\u00f3 csak egy \u00edzelit\u0151, ami bemutatja, hogyan kelnek \u00e9letre ezek a vizu\u00e1lis elemek, \u00e9s hogyan seg\u00edtenek egyedi hangulatot teremteni b\u00e1rmilyen esem\u00e9nyen vagy produkci\u00f3ban, prom\u00f3ci\u00f3ban. A vide\u00f3ban megmutatom, hogyan alkotok vizu\u00e1lis tartalmakat, amelyek t\u00f6k\u00e9letesen illeszkednek b\u00e1rmilyen &#8222;LED falas&#8221; megold\u00e1shoz, legyen az rekl\u00e1mgrafika (indoor, outddor kamp\u00e1ny) vagy b\u00e1rmilyen m\u00e1s vizu\u00e1lis screen megjelen\u00e9s, pl. kirakatban val\u00f3 alkalmaz\u00e1sa. Ugyanez a technik\u00e1hoz k\u00e9sz\u0171lt grafika\u00a0 alkalmazhat\u00f3 Social Media tartalmakhoz is! Srory vide\u00f3, vide\u00f3s post stb.<\/p>\n<p>[\/et_pb_text][\/et_pb_column][et_pb_column type=&#8221;2_3&#8243; _builder_version=&#8221;4.27.4&#8243; _module_preset=&#8221;default&#8221; global_colors_info=&#8221;{}&#8221;][et_pb_video src=&#8221;https:\/\/youtu.be\/ckA3JEMXAIg&#8221; play_icon_color=&#8221;RGBA(255,255,255,0)&#8221; font_icon=&#8221;&#x41;||divi||400&#8243; use_icon_font_size=&#8221;on&#8221; module_class=&#8221;my-youtube-video&#8221; _builder_version=&#8221;4.27.4&#8243; _module_preset=&#8221;default&#8221; custom_css_free_form=&#8221;.my-youtube-video .ytp-play-button {||    background-color: blue;||}&#8221; border_radii=&#8221;on|8px|8px|8px|8px&#8221; global_colors_info=&#8221;{}&#8221;][\/et_pb_video][\/et_pb_column][\/et_pb_row][et_pb_row column_structure=&#8221;1_5,1_5,3_5&#8243; _builder_version=&#8221;4.27.4&#8243; _module_preset=&#8221;default&#8221; custom_padding=&#8221;45px||||false|false&#8221; global_colors_info=&#8221;{}&#8221;][et_pb_column type=&#8221;1_5&#8243; _builder_version=&#8221;4.27.4&#8243; _module_preset=&#8221;default&#8221; global_colors_info=&#8221;{}&#8221;][et_pb_heading title=&#8221;K\u00fclt\u00e9ri LED camp\u00e1nyok, prom\u00f3ci\u00f3k.&#8221; disabled_on=&#8221;off|off|off&#8221; _builder_version=&#8221;4.27.4&#8243; _module_preset=&#8221;default&#8221; global_colors_info=&#8221;{}&#8221;][\/et_pb_heading][et_pb_text _builder_version=&#8221;4.27.4&#8243; _module_preset=&#8221;default&#8221; global_colors_info=&#8221;{}&#8221;]<\/p>\n<p>Outdoor Screen megold\u00e1sok. A vide\u00f3k val\u00f3s megrendel\u00e9sen alapul\u00f3 \u00e9s koncepci\u00f3s tervek, amik lehetnek Social Media postok, &#8222;Story&#8221;-ik is.<\/p>\n<p>[\/et_pb_text][\/et_pb_column][et_pb_column type=&#8221;1_5&#8243; _builder_version=&#8221;4.27.4&#8243; _module_preset=&#8221;default&#8221; transform_scale_linked=&#8221;off&#8221; transform_translate=&#8221;-69px|-11px&#8221; transform_translate_linked=&#8221;off&#8221; custom_padding=&#8221;||||false|false&#8221; border_width_all=&#8221;0px&#8221; global_colors_info=&#8221;{}&#8221;][et_pb_video src=&#8221;https:\/\/nszm.art\/wp-content\/uploads\/2025\/01\/CITY_LED.mp4&#8243; image_src=&#8221;https:\/\/nszm.art\/wp-content\/uploads\/2025\/01\/city.jpg&#8221; thumbnail_overlay_color=&#8221;RGBA(255,255,255,0)&#8221; disabled_on=&#8221;on|on|off&#8221; _builder_version=&#8221;4.27.4&#8243; _module_preset=&#8221;default&#8221; hover_enabled=&#8221;0&#8243; border_radii=&#8221;on|10px|10px|10px|10px&#8221; global_colors_info=&#8221;{}&#8221; sticky_enabled=&#8221;0&#8243;][\/et_pb_video][et_pb_video src=&#8221;https:\/\/nszm.art\/wp-content\/uploads\/2025\/01\/CITY_LED.mp4&#8243; thumbnail_overlay_color=&#8221;RGBA(255,255,255,0)&#8221; disabled_on=&#8221;off|on|on&#8221; _builder_version=&#8221;4.27.4&#8243; _module_preset=&#8221;default&#8221; custom_margin=&#8221;|-66px||74px|false|false&#8221; custom_padding=&#8221;|0px|||false|false&#8221; border_radii=&#8221;on|10px|10px|10px|10px&#8221; global_colors_info=&#8221;{}&#8221;][\/et_pb_video][\/et_pb_column][et_pb_column type=&#8221;3_5&#8243; _builder_version=&#8221;4.27.4&#8243; _module_preset=&#8221;default&#8221; transform_translate=&#8221;-90px|0px&#8221; transform_translate_linked=&#8221;off&#8221; custom_padding=&#8221;|||0px|false|false&#8221; global_colors_info=&#8221;{}&#8221;][et_pb_video src=&#8221;https:\/\/youtu.be\/eROlC4-PHZs&#8221; play_icon_color=&#8221;RGBA(255,255,255,0)&#8221; font_icon=&#8221;&#x41;||divi||400&#8243; use_icon_font_size=&#8221;on&#8221; disabled_on=&#8221;on|on|off&#8221; module_class=&#8221;my-youtube-video&#8221; _builder_version=&#8221;4.27.4&#8243; _module_preset=&#8221;default&#8221; transform_scale=&#8221;113%|113%&#8221; transform_translate=&#8221;40px|10px&#8221; transform_translate_linked=&#8221;off&#8221; hover_enabled=&#8221;0&#8243; custom_css_free_form=&#8221;.my-youtube-video .ytp-play-button {||    background-color: blue;||}&#8221; border_radii=&#8221;on|8px|8px|8px|8px&#8221; global_colors_info=&#8221;{}&#8221; transform_styles__hover_enabled=&#8221;off|hover&#8221; transform_scale__hover_enabled=&#8221;off|hover&#8221; transform_translate__hover_enabled=&#8221;off|hover&#8221; transform_rotate__hover_enabled=&#8221;off|hover&#8221; transform_skew__hover_enabled=&#8221;off|hover&#8221; transform_origin__hover_enabled=&#8221;off|hover&#8221; transform_scale__hover=&#8221;113%|113%&#8221; sticky_enabled=&#8221;0&#8243;][\/et_pb_video][et_pb_video src=&#8221;https:\/\/youtu.be\/eROlC4-PHZs&#8221; play_icon_color=&#8221;RGBA(255,255,255,0)&#8221; font_icon=&#8221;&#x41;||divi||400&#8243; use_icon_font_size=&#8221;on&#8221; disabled_on=&#8221;off|on|on&#8221; module_class=&#8221;my-youtube-video&#8221; _builder_version=&#8221;4.27.4&#8243; _module_preset=&#8221;default&#8221; transform_scale=&#8221;0%|0%&#8221; transform_scale_tablet=&#8221;0%|0%&#8221; transform_scale_phone=&#8221;100%|100%&#8221; transform_scale_last_edited=&#8221;on|desktop&#8221; transform_translate=&#8221;61px|0px&#8221; transform_translate_tablet=&#8221;61px|0px&#8221; transform_translate_phone=&#8221;3px|0px&#8221; transform_translate_last_edited=&#8221;on|desktop&#8221; transform_translate_linked=&#8221;off&#8221; transform_rotate_tablet=&#8221;&#8221; transform_rotate_phone=&#8221;&#8221; transform_rotate_last_edited=&#8221;on|desktop&#8221; transform_skew_tablet=&#8221;&#8221; transform_skew_phone=&#8221;&#8221; transform_skew_last_edited=&#8221;on|desktop&#8221; transform_origin_tablet=&#8221;&#8221; transform_origin_phone=&#8221;&#8221; transform_origin_last_edited=&#8221;on|desktop&#8221; transform_styles_last_edited=&#8221;on|desktop&#8221; custom_margin=&#8221;|-106px||69px|false|false&#8221; custom_padding=&#8221;|||0px|false|false&#8221; transform_styles_tablet=&#8221;&#8221; transform_styles_phone=&#8221;&#8221; custom_css_free_form=&#8221;.my-youtube-video .ytp-play-button {||    background-color: blue;||}&#8221; border_radii=&#8221;on|8px|8px|8px|8px&#8221; global_colors_info=&#8221;{}&#8221; transform_styles__hover_enabled=&#8221;on|desktop&#8221; transform_scale__hover_enabled=&#8221;on|desktop&#8221; transform_translate__hover_enabled=&#8221;on|desktop&#8221; transform_rotate__hover_enabled=&#8221;on|desktop&#8221; transform_skew__hover_enabled=&#8221;on|desktop&#8221; transform_origin__hover_enabled=&#8221;on|desktop&#8221; transform_scale__hover=&#8221;113%|113%&#8221; transform_translate__hover=&#8221;40px|0px&#8221;][\/et_pb_video][\/et_pb_column][\/et_pb_row][et_pb_row disabled_on=&#8221;on|off|on&#8221; _builder_version=&#8221;4.27.4&#8243; _module_preset=&#8221;default&#8221; global_colors_info=&#8221;{}&#8221;][et_pb_column type=&#8221;4_4&#8243; _builder_version=&#8221;4.27.4&#8243; _module_preset=&#8221;default&#8221; global_colors_info=&#8221;{}&#8221;][et_pb_video src=&#8221;https:\/\/youtu.be\/eROlC4-PHZs&#8221; disabled_on=&#8221;off|off|off&#8221; _builder_version=&#8221;4.27.4&#8243; _module_preset=&#8221;default&#8221; global_colors_info=&#8221;{}&#8221;][\/et_pb_video][\/et_pb_column][\/et_pb_row][\/et_pb_section]<\/p>\n","protected":false},"excerpt":{"rendered":"<p>Discover how you can make your LED wall solutions truly impressive! Whether indoors, outdoors or in a studio environment, the graphics I create are a perfect match for LED walls and are guaranteed to captivate your audience. The video shows how these visual elements come to life and help create a unique atmosphere for any event or production. Watch and get inspired by the creative possibilities!<\/p>","protected":false},"author":1,"featured_media":0,"parent":115,"menu_order":2,"comment_status":"closed","ping_status":"closed","template":"","meta":{"_et_pb_use_builder":"on","_et_pb_old_content":"","_et_gb_content_width":"","footnotes":""},"class_list":["post-257402","page","type-page","status-publish","hentry"],"yoast_head":"<!-- This site is optimized with the Yoast SEO plugin v27.3 - https:\/\/yoast.com\/product\/yoast-seo-wordpress\/ -->\n<title>NSZM ART Vide\u00f3-, grafikai tartalomtervez\u00e9s | nszm.art | Vide\u00f3grafika Media design Mozg\u00f3k\u00e9pgy\u00e1rt\u00f3 Anim\u00e1ci\u00f3 NSZM ART Vide\u00f3gy\u00e1rt\u00e1s, rekl\u00e1m<\/title>\n<meta name=\"description\" content=\"NSZM ARTnszm.art | Vide\u00f3grafika Media design Mozg\u00f3k\u00e9pgy\u00e1rt\u00f3 Anim\u00e1ci\u00f3 VIDEO DESIGN - ANIM\u00c1CI\u00d3 - VIDE\u00d3GRAFIKA | Tervez\u0151grafikus - Vide\u00f3grafikus - Anim\u00e1tor - Designer | LED Screens Grafikai tervez\u00e9s, vide\u00f3 k\u00e9sz\u00edt\u00e9s, anim\u00e1ci\u00f3, rekl\u00e1mfilm, c\u00e9ges film, tartalomgy\u00e1rt\u00e1s, kreat\u00edv \u00fcgyn\u00f6ks\u00e9g, vizu\u00e1lis kommunik\u00e1ci\u00f3, mediadesign, marketingfilm 2d anim\u00e1ci\u00f3, illusztr\u00e1ci\u00f3, vide\u00f3szerkeszt\u00e9s, ut\u00f3munka, special effects, VFX, Telev\u00edzi\u00f3, film, Supervisor, Grafikus Vide\u00f3grafika, ut\u00f3munka, kreat\u00edv, Social media \ud83c\udfa5\" \/>\n<meta name=\"robots\" content=\"index, follow, max-snippet:-1, max-image-preview:large, max-video-preview:-1\" \/>\n<link rel=\"canonical\" href=\"https:\/\/nszm.art\/en\/arculattervezes-videografika-reklam-film-video-mediadesign-art-mediaart-televizios-musor\/pr-reklam-led-screens\/\" \/>\n<meta property=\"og:locale\" content=\"en_GB\" \/>\n<meta property=\"og:type\" content=\"article\" \/>\n<meta property=\"og:title\" content=\"NSZM ART Vide\u00f3-, grafikai tartalomtervez\u00e9s | nszm.art | Vide\u00f3grafika Media design Mozg\u00f3k\u00e9pgy\u00e1rt\u00f3 Anim\u00e1ci\u00f3 NSZM ART Vide\u00f3gy\u00e1rt\u00e1s, rekl\u00e1m\" \/>\n<meta property=\"og:description\" content=\"NSZM ARTnszm.art | Vide\u00f3grafika Media design Mozg\u00f3k\u00e9pgy\u00e1rt\u00f3 Anim\u00e1ci\u00f3 VIDEO DESIGN - ANIM\u00c1CI\u00d3 - VIDE\u00d3GRAFIKA | Tervez\u0151grafikus - Vide\u00f3grafikus - Anim\u00e1tor - Designer | LED Screens Grafikai tervez\u00e9s, vide\u00f3 k\u00e9sz\u00edt\u00e9s, anim\u00e1ci\u00f3, rekl\u00e1mfilm, c\u00e9ges film, tartalomgy\u00e1rt\u00e1s, kreat\u00edv \u00fcgyn\u00f6ks\u00e9g, vizu\u00e1lis kommunik\u00e1ci\u00f3, mediadesign, marketingfilm 2d anim\u00e1ci\u00f3, illusztr\u00e1ci\u00f3, vide\u00f3szerkeszt\u00e9s, ut\u00f3munka, special effects, VFX, Telev\u00edzi\u00f3, film, Supervisor, Grafikus Vide\u00f3grafika, ut\u00f3munka, kreat\u00edv, Social media \ud83c\udfa5\" \/>\n<meta property=\"og:url\" content=\"https:\/\/nszm.art\/en\/arculattervezes-videografika-reklam-film-video-mediadesign-art-mediaart-televizios-musor\/pr-reklam-led-screens\/\" \/>\n<meta property=\"og:site_name\" content=\"nszm.art | Vide\u00f3grafika Media design Mozg\u00f3k\u00e9pgy\u00e1rt\u00f3 Anim\u00e1ci\u00f3\" \/>\n<meta property=\"article:publisher\" content=\"https:\/\/www.facebook.com\/nagyszil\" \/>\n<meta property=\"article:modified_time\" content=\"2025-01-07T04:43:20+00:00\" \/>\n<meta property=\"og:image\" content=\"https:\/\/nszm.art\/wp-content\/uploads\/2023\/09\/NSZM_favicon_bold.png\" \/>\n\t<meta property=\"og:image:width\" content=\"512\" \/>\n\t<meta property=\"og:image:height\" content=\"512\" \/>\n\t<meta property=\"og:image:type\" content=\"image\/png\" \/>\n<meta name=\"twitter:card\" content=\"summary_large_image\" \/>\n<meta name=\"twitter:site\" content=\"@nszmart\" \/>\n<meta name=\"twitter:label1\" content=\"Estimated reading time\" \/>\n\t<meta name=\"twitter:data1\" content=\"5 minutes\" \/>\n<script type=\"application\/ld+json\" class=\"yoast-schema-graph\">{\"@context\":\"https:\\\/\\\/schema.org\",\"@graph\":[{\"@type\":\"WebPage\",\"@id\":\"https:\\\/\\\/nszm.art\\\/arculattervezes-videografika-reklam-film-video-mediadesign-art-mediaart-televizios-musor\\\/pr-reklam-led-screens\\\/\",\"url\":\"https:\\\/\\\/nszm.art\\\/arculattervezes-videografika-reklam-film-video-mediadesign-art-mediaart-televizios-musor\\\/pr-reklam-led-screens\\\/\",\"name\":\"NSZM ART Vide\u00f3-, grafikai tartalomtervez\u00e9s | nszm.art | Vide\u00f3grafika Media design Mozg\u00f3k\u00e9pgy\u00e1rt\u00f3 Anim\u00e1ci\u00f3 NSZM ART Vide\u00f3gy\u00e1rt\u00e1s, rekl\u00e1m\",\"isPartOf\":{\"@id\":\"https:\\\/\\\/nszm.art\\\/#website\"},\"datePublished\":\"2025-01-05T14:07:37+00:00\",\"dateModified\":\"2025-01-07T04:43:20+00:00\",\"description\":\"NSZM ARTnszm.art | Vide\u00f3grafika Media design Mozg\u00f3k\u00e9pgy\u00e1rt\u00f3 Anim\u00e1ci\u00f3 VIDEO DESIGN - ANIM\u00c1CI\u00d3 - VIDE\u00d3GRAFIKA | Tervez\u0151grafikus - Vide\u00f3grafikus - Anim\u00e1tor - Designer | LED Screens Grafikai tervez\u00e9s, vide\u00f3 k\u00e9sz\u00edt\u00e9s, anim\u00e1ci\u00f3, rekl\u00e1mfilm, c\u00e9ges film, tartalomgy\u00e1rt\u00e1s, kreat\u00edv \u00fcgyn\u00f6ks\u00e9g, vizu\u00e1lis kommunik\u00e1ci\u00f3, mediadesign, marketingfilm 2d anim\u00e1ci\u00f3, illusztr\u00e1ci\u00f3, vide\u00f3szerkeszt\u00e9s, ut\u00f3munka, special effects, VFX, Telev\u00edzi\u00f3, film, Supervisor, Grafikus Vide\u00f3grafika, ut\u00f3munka, kreat\u00edv, Social media \ud83c\udfa5\",\"breadcrumb\":{\"@id\":\"https:\\\/\\\/nszm.art\\\/arculattervezes-videografika-reklam-film-video-mediadesign-art-mediaart-televizios-musor\\\/pr-reklam-led-screens\\\/#breadcrumb\"},\"inLanguage\":\"en-GB\",\"potentialAction\":[{\"@type\":\"ReadAction\",\"target\":[\"https:\\\/\\\/nszm.art\\\/arculattervezes-videografika-reklam-film-video-mediadesign-art-mediaart-televizios-musor\\\/pr-reklam-led-screens\\\/\"]}]},{\"@type\":\"BreadcrumbList\",\"@id\":\"https:\\\/\\\/nszm.art\\\/arculattervezes-videografika-reklam-film-video-mediadesign-art-mediaart-televizios-musor\\\/pr-reklam-led-screens\\\/#breadcrumb\",\"itemListElement\":[{\"@type\":\"ListItem\",\"position\":1,\"name\":\"Home\",\"item\":\"https:\\\/\\\/nszm.art\\\/\"},{\"@type\":\"ListItem\",\"position\":2,\"name\":\"NSZM.ART\",\"item\":\"https:\\\/\\\/nszm.art\\\/\"},{\"@type\":\"ListItem\",\"position\":3,\"name\":\"LED Screens\"}]},{\"@type\":\"WebSite\",\"@id\":\"https:\\\/\\\/nszm.art\\\/#website\",\"url\":\"https:\\\/\\\/nszm.art\\\/\",\"name\":\"nszm.art | Vide\u00f3grafika, Mozg\u00f3k\u00e9pgy\u00e1rt\u00e1s, Vizu\u00e1lis Soial media, Artdirektor\",\"description\":\"Nagy Szil\u00e1rd Mih\u00e1ly - Mozg\u00f3k\u00e9pes mindenes, Vide\u00f3-grafikus. 2D anim\u00e1ci\u00f3, Media design. Arculat, Grafika, Rekl\u00e1m, AI, Film gy\u00e1rt\u00e1s, Art direktor, Social media, Art\",\"publisher\":{\"@id\":\"https:\\\/\\\/nszm.art\\\/#\\\/schema\\\/person\\\/987862e887497c3a4ebad754077007a5\"},\"alternateName\":\"Nagy Szil\u00e1rd Mih\u00e1ly Mozg\u00f3k\u00e9pk\u00e9sz\u00edt\u0151, Tervez\u0151Grafikus, Vide\u00f3grafikus,\",\"potentialAction\":[{\"@type\":\"SearchAction\",\"target\":{\"@type\":\"EntryPoint\",\"urlTemplate\":\"https:\\\/\\\/nszm.art\\\/?s={search_term_string}\"},\"query-input\":{\"@type\":\"PropertyValueSpecification\",\"valueRequired\":true,\"valueName\":\"search_term_string\"}}],\"inLanguage\":\"en-GB\"},{\"@type\":[\"Person\",\"Organization\"],\"@id\":\"https:\\\/\\\/nszm.art\\\/#\\\/schema\\\/person\\\/987862e887497c3a4ebad754077007a5\",\"name\":\"nszm\",\"image\":{\"@type\":\"ImageObject\",\"inLanguage\":\"en-GB\",\"@id\":\"https:\\\/\\\/nszm.art\\\/wp-content\\\/uploads\\\/2024\\\/10\\\/nszm_portre.jpg\",\"url\":\"https:\\\/\\\/nszm.art\\\/wp-content\\\/uploads\\\/2024\\\/10\\\/nszm_portre.jpg\",\"contentUrl\":\"https:\\\/\\\/nszm.art\\\/wp-content\\\/uploads\\\/2024\\\/10\\\/nszm_portre.jpg\",\"width\":800,\"height\":800,\"caption\":\"nszm\"},\"logo\":{\"@id\":\"https:\\\/\\\/nszm.art\\\/wp-content\\\/uploads\\\/2024\\\/10\\\/nszm_portre.jpg\"},\"description\":\"Vide\u00f3grafikus, grafikus, filmes, tele\u00edzi\u00f3s szakember. V\u00e1g\u00f3\",\"sameAs\":[\"http:\\\/\\\/nszm.art\",\"https:\\\/\\\/www.facebook.com\\\/nagyszil\",\"https:\\\/\\\/www.instagram.com\\\/nszm_art\\\/\",\"https:\\\/\\\/www.linkedin.com\\\/in\\\/szilardnagy\\\/\",\"www.pinterest.com\\\/nagyszilardmihaly\",\"https:\\\/\\\/x.com\\\/https:\\\/\\\/x.com\\\/nszmart\",\"https:\\\/\\\/www.youtube.com\\\/@NagySzilardMihaly\",\"https:\\\/\\\/www.tumblr.com\\\/nszmart\"]}]}<\/script>\n<!-- \/ Yoast SEO plugin. -->","yoast_head_json":{"title":"NSZM ART Video and graphic content design | nszm.art | Video graphics Media design Motion graphics production Animation NSZM ART Video production, advertising","description":"NSZM ARTnszm.art | Video graphics Media design Motion graphics Production Animation VIDEO DESIGN - ANIMATION - VIDEOGRAPHICS | Graphic Designer - Graphic Designer - Animator - Designer | LED Screens Graphic design, video production, animation, commercials, corporate films, content production, creative agency, visual communication, mediadesign, marketing film 2d animation, illustration, video editing, post production, special effects, VFX, Television, film, Supervisor, Graphic Designer, Video graphics, post production, creative, Social media \ud83c\udfa5","robots":{"index":"index","follow":"follow","max-snippet":"max-snippet:-1","max-image-preview":"max-image-preview:large","max-video-preview":"max-video-preview:-1"},"canonical":"https:\/\/nszm.art\/en\/arculattervezes-videografika-reklam-film-video-mediadesign-art-mediaart-televizios-musor\/pr-reklam-led-screens\/","og_locale":"en_GB","og_type":"article","og_title":"NSZM ART Vide\u00f3-, grafikai tartalomtervez\u00e9s | nszm.art | Vide\u00f3grafika Media design Mozg\u00f3k\u00e9pgy\u00e1rt\u00f3 Anim\u00e1ci\u00f3 NSZM ART Vide\u00f3gy\u00e1rt\u00e1s, rekl\u00e1m","og_description":"NSZM ARTnszm.art | Vide\u00f3grafika Media design Mozg\u00f3k\u00e9pgy\u00e1rt\u00f3 Anim\u00e1ci\u00f3 VIDEO DESIGN - ANIM\u00c1CI\u00d3 - VIDE\u00d3GRAFIKA | Tervez\u0151grafikus - Vide\u00f3grafikus - Anim\u00e1tor - Designer | LED Screens Grafikai tervez\u00e9s, vide\u00f3 k\u00e9sz\u00edt\u00e9s, anim\u00e1ci\u00f3, rekl\u00e1mfilm, c\u00e9ges film, tartalomgy\u00e1rt\u00e1s, kreat\u00edv \u00fcgyn\u00f6ks\u00e9g, vizu\u00e1lis kommunik\u00e1ci\u00f3, mediadesign, marketingfilm 2d anim\u00e1ci\u00f3, illusztr\u00e1ci\u00f3, vide\u00f3szerkeszt\u00e9s, ut\u00f3munka, special effects, VFX, Telev\u00edzi\u00f3, film, Supervisor, Grafikus Vide\u00f3grafika, ut\u00f3munka, kreat\u00edv, Social media \ud83c\udfa5","og_url":"https:\/\/nszm.art\/en\/arculattervezes-videografika-reklam-film-video-mediadesign-art-mediaart-televizios-musor\/pr-reklam-led-screens\/","og_site_name":"nszm.art | Vide\u00f3grafika Media design Mozg\u00f3k\u00e9pgy\u00e1rt\u00f3 Anim\u00e1ci\u00f3","article_publisher":"https:\/\/www.facebook.com\/nagyszil","article_modified_time":"2025-01-07T04:43:20+00:00","og_image":[{"width":512,"height":512,"url":"https:\/\/nszm.art\/wp-content\/uploads\/2023\/09\/NSZM_favicon_bold.png","type":"image\/png"}],"twitter_card":"summary_large_image","twitter_site":"@nszmart","twitter_misc":{"Estimated reading time":"5 minutes"},"schema":{"@context":"https:\/\/schema.org","@graph":[{"@type":"WebPage","@id":"https:\/\/nszm.art\/arculattervezes-videografika-reklam-film-video-mediadesign-art-mediaart-televizios-musor\/pr-reklam-led-screens\/","url":"https:\/\/nszm.art\/arculattervezes-videografika-reklam-film-video-mediadesign-art-mediaart-televizios-musor\/pr-reklam-led-screens\/","name":"NSZM ART Video and graphic content design | nszm.art | Video graphics Media design Motion graphics production Animation NSZM ART Video production, advertising","isPartOf":{"@id":"https:\/\/nszm.art\/#website"},"datePublished":"2025-01-05T14:07:37+00:00","dateModified":"2025-01-07T04:43:20+00:00","description":"NSZM ARTnszm.art | Video graphics Media design Motion graphics Production Animation VIDEO DESIGN - ANIMATION - VIDEOGRAPHICS | Graphic Designer - Graphic Designer - Animator - Designer | LED Screens Graphic design, video production, animation, commercials, corporate films, content production, creative agency, visual communication, mediadesign, marketing film 2d animation, illustration, video editing, post production, special effects, VFX, Television, film, Supervisor, Graphic Designer, Video graphics, post production, creative, Social media \ud83c\udfa5","breadcrumb":{"@id":"https:\/\/nszm.art\/arculattervezes-videografika-reklam-film-video-mediadesign-art-mediaart-televizios-musor\/pr-reklam-led-screens\/#breadcrumb"},"inLanguage":"en-GB","potentialAction":[{"@type":"ReadAction","target":["https:\/\/nszm.art\/arculattervezes-videografika-reklam-film-video-mediadesign-art-mediaart-televizios-musor\/pr-reklam-led-screens\/"]}]},{"@type":"BreadcrumbList","@id":"https:\/\/nszm.art\/arculattervezes-videografika-reklam-film-video-mediadesign-art-mediaart-televizios-musor\/pr-reklam-led-screens\/#breadcrumb","itemListElement":[{"@type":"ListItem","position":1,"name":"Home","item":"https:\/\/nszm.art\/"},{"@type":"ListItem","position":2,"name":"NSZM.ART","item":"https:\/\/nszm.art\/"},{"@type":"ListItem","position":3,"name":"LED Screens"}]},{"@type":"WebSite","@id":"https:\/\/nszm.art\/#website","url":"https:\/\/nszm.art\/","name":"nszm.art | Video graphics, Motion picture production, Visual Soial media, Art director","description":"Szil\u00e1rd Mih\u00e1ly Nagy - Cinematographer, Video graphics, 2D animation, Media design, Art direction, Social media, Art, Graphics, Advertising, AI, Film production, Art director, Graphics, Advertising, AI","publisher":{"@id":"https:\/\/nszm.art\/#\/schema\/person\/987862e887497c3a4ebad754077007a5"},"alternateName":"Nagy Szil\u00e1rd Mih\u00e1ly Mozg\u00f3k\u00e9pk\u00e9sz\u00edt\u0151, Tervez\u0151Grafikus, Vide\u00f3grafikus,","potentialAction":[{"@type":"SearchAction","target":{"@type":"EntryPoint","urlTemplate":"https:\/\/nszm.art\/?s={search_term_string}"},"query-input":{"@type":"PropertyValueSpecification","valueRequired":true,"valueName":"search_term_string"}}],"inLanguage":"en-GB"},{"@type":["Person","Organization"],"@id":"https:\/\/nszm.art\/#\/schema\/person\/987862e887497c3a4ebad754077007a5","name":"nszm","image":{"@type":"ImageObject","inLanguage":"en-GB","@id":"https:\/\/nszm.art\/wp-content\/uploads\/2024\/10\/nszm_portre.jpg","url":"https:\/\/nszm.art\/wp-content\/uploads\/2024\/10\/nszm_portre.jpg","contentUrl":"https:\/\/nszm.art\/wp-content\/uploads\/2024\/10\/nszm_portre.jpg","width":800,"height":800,"caption":"nszm"},"logo":{"@id":"https:\/\/nszm.art\/wp-content\/uploads\/2024\/10\/nszm_portre.jpg"},"description":"Videographer, graphic designer, filmmaker, telecine specialist. Editor","sameAs":["http:\/\/nszm.art","https:\/\/www.facebook.com\/nagyszil","https:\/\/www.instagram.com\/nszm_art\/","https:\/\/www.linkedin.com\/in\/szilardnagy\/","www.pinterest.com\/nagyszilardmihaly","https:\/\/x.com\/https:\/\/x.com\/nszmart","https:\/\/www.youtube.com\/@NagySzilardMihaly","https:\/\/www.tumblr.com\/nszmart"]}]}},"_links":{"self":[{"href":"https:\/\/nszm.art\/en\/wp-json\/wp\/v2\/pages\/257402","targetHints":{"allow":["GET"]}}],"collection":[{"href":"https:\/\/nszm.art\/en\/wp-json\/wp\/v2\/pages"}],"about":[{"href":"https:\/\/nszm.art\/en\/wp-json\/wp\/v2\/types\/page"}],"author":[{"embeddable":true,"href":"https:\/\/nszm.art\/en\/wp-json\/wp\/v2\/users\/1"}],"replies":[{"embeddable":true,"href":"https:\/\/nszm.art\/en\/wp-json\/wp\/v2\/comments?post=257402"}],"version-history":[{"count":24,"href":"https:\/\/nszm.art\/en\/wp-json\/wp\/v2\/pages\/257402\/revisions"}],"predecessor-version":[{"id":257618,"href":"https:\/\/nszm.art\/en\/wp-json\/wp\/v2\/pages\/257402\/revisions\/257618"}],"up":[{"embeddable":true,"href":"https:\/\/nszm.art\/en\/wp-json\/wp\/v2\/pages\/115"}],"wp:attachment":[{"href":"https:\/\/nszm.art\/en\/wp-json\/wp\/v2\/media?parent=257402"}],"curies":[{"name":"wp","href":"https:\/\/api.w.org\/{rel}","templated":true}]}}